{"id":5392,"date":"2025-08-07T09:04:29","date_gmt":"2025-08-07T09:04:29","guid":{"rendered":"https:\/\/atlantichealthwellnesssummit.com\/conta\/"},"modified":"2025-08-07T09:04:29","modified_gmt":"2025-08-07T09:04:29","slug":"conta","status":"publish","type":"page","link":"https:\/\/atlantichealthwellnesssummit.com\/eng\/conta\/","title":{"rendered":"Account"},"content":{"rendered":"<div class=\"mp_wrapper\">\n  <div class=\"mepr-unauthorized-message\">\n    <p>Dispon\u00edvel apenas para quem adquiriu bilhetes Standard ou VIP para o evento Atlantic Health Wellness Summit 2025!<\/p>\n<p><span style=\"color: #0c719a\"><a style=\"color: #0c719a\" href=\"https:\/\/atlantichealthwellnesssummit.com\/eng\/exclusivo\/\">Clique aqui para regressar \u00e0 \u00e1rea de conte\u00fados exclusivos.<\/a><\/span><\/p>\n  <\/div>\n  <div class=\"mepr-login-form-wrap\">\n      <\/div>\n<\/div>","protected":false},"excerpt":{"rendered":"<p>Dispon\u00edvel apenas para quem adquiriu bilhetes Standard ou VIP para o evento Atlantic Health Wellness Summit 2025! Clique aqui para regressar \u00e0 \u00e1rea de conte\u00fados exclusivos.<\/p>","protected":false},"author":58,"featured_media":0,"parent":0,"menu_order":0,"comment_status":"closed","ping_status":"closed","template":"","meta":{"footnotes":""},"class_list":["post-5392","page","type-page","status-publish","hentry"],"aioseo_notices":[],"_links":{"self":[{"href":"https:\/\/atlantichealthwellnesssummit.com\/eng\/wp-json\/wp\/v2\/pages\/5392","targetHints":{"allow":["GET"]}}],"collection":[{"href":"https:\/\/atlantichealthwellnesssummit.com\/eng\/wp-json\/wp\/v2\/pages"}],"about":[{"href":"https:\/\/atlantichealthwellnesssummit.com\/eng\/wp-json\/wp\/v2\/types\/page"}],"author":[{"embeddable":true,"href":"https:\/\/atlantichealthwellnesssummit.com\/eng\/wp-json\/wp\/v2\/users\/58"}],"replies":[{"embeddable":true,"href":"https:\/\/atlantichealthwellnesssummit.com\/eng\/wp-json\/wp\/v2\/comments?post=5392"}],"version-history":[{"count":0,"href":"https:\/\/atlantichealthwellnesssummit.com\/eng\/wp-json\/wp\/v2\/pages\/5392\/revisions"}],"wp:attachment":[{"href":"https:\/\/atlantichealthwellnesssummit.com\/eng\/wp-json\/wp\/v2\/media?parent=5392"}],"curies":[{"name":"wp","href":"https:\/\/api.w.org\/{rel}","templated":true}]}}