{"id":5299,"date":"2025-08-06T13:33:43","date_gmt":"2025-08-06T13:33:43","guid":{"rendered":"https:\/\/atlantichealthwellnesssummit.com\/?page_id=5299"},"modified":"2025-08-06T13:43:08","modified_gmt":"2025-08-06T13:43:08","slug":"__trashed-19","status":"publish","type":"page","link":"https:\/\/atlantichealthwellnesssummit.com\/eng\/__trashed-19\/","title":{"rendered":"Blog"},"content":{"rendered":"<style>.elementor-5299 .elementor-element.elementor-element-9b90d88{--display:flex;--min-height:300px;--flex-direction:row;--container-widget-width:calc( ( 1 - var( --container-widget-flex-grow ) ) * 100% );--container-widget-height:100%;--container-widget-flex-grow:1;--container-widget-align-self:stretch;--flex-wrap-mobile:wrap;--justify-content:center;--align-items:center;--margin-top:100px;--margin-bottom:0px;--margin-left:0px;--margin-right:0px;}.elementor-5299 .elementor-element.elementor-element-9b90d88:not(.elementor-motion-effects-element-type-background), .elementor-5299 .elementor-element.elementor-element-9b90d88 > .elementor-motion-effects-container > .elementor-motion-effects-layer{background-image:url(\"https:\/\/atlantichealthwellnesssummit.com\/wp-content\/uploads\/2025\/05\/newbg8.png\");background-position:center center;background-repeat:no-repeat;background-size:cover;}.elementor-5299 .elementor-element.elementor-element-9b6224e{--display:flex;--gap:10px 10px;--row-gap:10px;--column-gap:10px;}.elementor-widget-heading .elementor-heading-title{font-family:var( --e-global-typography-primary-font-family ), Sans-serif;font-weight:var( --e-global-typography-primary-font-weight );color:var( --e-global-color-primary );}.elementor-5299 .elementor-element.elementor-element-01e5e60{text-align:center;}.elementor-5299 .elementor-element.elementor-element-01e5e60 .elementor-heading-title{font-family:\"Lato\", Sans-serif;font-size:42px;font-weight:700;color:#FFFFFF;}.elementor-5299 .elementor-element.elementor-element-2462473{--display:flex;--min-height:700px;--flex-direction:column;--container-widget-width:100%;--container-widget-height:initial;--container-widget-flex-grow:0;--container-widget-align-self:initial;--flex-wrap-mobile:wrap;--overlay-opacity:0.5;--padding-top:100px;--padding-bottom:100px;--padding-left:0px;--padding-right:0px;}.elementor-5299 .elementor-element.elementor-element-2462473::before, .elementor-5299 .elementor-element.elementor-element-2462473 > .elementor-background-video-container::before, .elementor-5299 .elementor-element.elementor-element-2462473 > .e-con-inner > .elementor-background-video-container::before, .elementor-5299 .elementor-element.elementor-element-2462473 > .elementor-background-slideshow::before, .elementor-5299 .elementor-element.elementor-element-2462473 > .e-con-inner > .elementor-background-slideshow::before, .elementor-5299 .elementor-element.elementor-element-2462473 > .elementor-motion-effects-container > .elementor-motion-effects-layer::before{--background-overlay:'';background-color:#FFFFFF;}.elementor-5299 .elementor-element.elementor-element-4dca598 .jeg-elementor-kit.jkit-postblock .jkit-posts{grid-template-columns:repeat(3, minmax(0, 1fr));grid-column-gap:20px;}.elementor-5299 .elementor-element.elementor-element-4dca598 .jeg-elementor-kit.jkit-postblock .jkit-post{background-color:#FFFFFF;padding:20px 20px 20px 20px;border-radius:10px 10px 10px 10px;border-style:solid;border-width:1px 1px 1px 1px;border-color:var( --e-global-color-accent );}.elementor-5299 .elementor-element.elementor-element-4dca598 .jeg-elementor-kit.jkit-postblock .jkit-thumb{padding:0px 0px 11px 0px;margin:-21px -21px 0px -21px;border-radius:10px 10px 0px 0px;}.elementor-5299 .elementor-element.elementor-element-4dca598 .jeg-elementor-kit.jkit-postblock .jkit-thumb .thumbnail-container{height:250px;}.elementor-5299 .elementor-element.elementor-element-4dca598 .jeg-elementor-kit.jkit-postblock .jkit-postblock-content{text-align:left;}.elementor-5299 .elementor-element.elementor-element-4dca598 .jeg-elementor-kit.jkit-postblock .jkit-post-category span a, .elementor-5299 .elementor-element.elementor-element-4dca598 .jeg-elementor-kit.jkit-postblock.postblock-type-3 .jkit-post-category span a{font-family:\"Lato\", Sans-serif;}.elementor-5299 .elementor-element.elementor-element-4dca598 .jeg-elementor-kit.jkit-postblock .jkit-post-category a{color:var( --e-global-color-efacb60 );}.elementor-5299 .elementor-element.elementor-element-4dca598 .jeg-elementor-kit.jkit-postblock.postblock-type-2 .jkit-post-category a{color:var( --e-global-color-efacb60 );}.elementor-5299 .elementor-element.elementor-element-4dca598 .jeg-elementor-kit.jkit-postblock.postblock-type-5 .jkit-post-category a{color:var( --e-global-color-efacb60 );}.elementor-5299 .elementor-element.elementor-element-4dca598 .jeg-elementor-kit.jkit-postblock .jkit-readmore{font-style:normal;text-decoration:none;background-color:var( --e-global-color-primary );color:#FFFFFF;}.elementor-5299 .elementor-element.elementor-element-4dca598 .jeg-elementor-kit.jkit-postblock .jkit-meta-readmore.icon-position-before i, .elementor-5299 .elementor-element.elementor-element-4dca598 .jeg-elementor-kit.jkit-postblock .jkit-meta-readmore.icon-position-before svg{margin-right:5px;}.elementor-5299 .elementor-element.elementor-element-4dca598 .jeg-elementor-kit.jkit-postblock .jkit-meta-readmore.icon-position-after i, .elementor-5299 .elementor-element.elementor-element-4dca598 .jeg-elementor-kit.jkit-postblock .jkit-meta-readmore.icon-position-after svg{margin-left:5px;}.elementor-5299 .elementor-element.elementor-element-4dca598 .jeg-elementor-kit.jkit-postblock .jkit-readmore svg{fill:#FFFFFF;}.elementor-5299 .elementor-element.elementor-element-4dca598 .jeg-elementor-kit.jkit-postblock .jkit-meta-author.icon-position-before i, .elementor-5299 .elementor-element.elementor-element-4dca598 .jeg-elementor-kit.jkit-postblock .jkit-meta-author.icon-position-before svg{margin-right:5px;}.elementor-5299 .elementor-element.elementor-element-4dca598 .jeg-elementor-kit.jkit-postblock .jkit-meta-author.icon-position-after i, .elementor-5299 .elementor-element.elementor-element-4dca598 .jeg-elementor-kit.jkit-postblock .jkit-meta-author.icon-position-after svg{margin-left:5px;}.elementor-5299 .elementor-element.elementor-element-4dca598 .jeg-elementor-kit.jkit-postblock .jkit-meta-date.icon-position-before i, .elementor-5299 .elementor-element.elementor-element-4dca598 .jeg-elementor-kit.jkit-postblock .jkit-meta-date.icon-position-before svg{margin-right:5px;}.elementor-5299 .elementor-element.elementor-element-4dca598 .jeg-elementor-kit.jkit-postblock .jkit-meta-date.icon-position-after i, .elementor-5299 .elementor-element.elementor-element-4dca598 .jeg-elementor-kit.jkit-postblock .jkit-meta-date.icon-position-after svg{margin-left:5px;}.elementor-5299 .elementor-element.elementor-element-4dca598 .jeg-elementor-kit.jkit-postblock .jkit-post-meta-bottom{justify-content:space-between;}.elementor-5299 .elementor-element.elementor-element-4dca598 .jeg-elementor-kit.jkit-postblock .jeg_empty_module{text-align:left;}@media(max-width:1024px){.elementor-5299 .elementor-element.elementor-element-9b90d88{--padding-top:75px;--padding-bottom:75px;--padding-left:50px;--padding-right:50px;}.elementor-5299 .elementor-element.elementor-element-2462473{--padding-top:75px;--padding-bottom:75px;--padding-left:50px;--padding-right:50px;}.elementor-5299 .elementor-element.elementor-element-4dca598 .jeg-elementor-kit.jkit-postblock .jkit-posts{grid-template-columns:repeat(1, minmax(0, 1fr));}}@media(min-width:768px){.elementor-5299 .elementor-element.elementor-element-9b90d88{--content-width:1200px;}.elementor-5299 .elementor-element.elementor-element-9b6224e{--width:100%;}.elementor-5299 .elementor-element.elementor-element-2462473{--content-width:1200px;}}@media(max-width:767px){.elementor-5299 .elementor-element.elementor-element-9b90d88{--min-height:0px;--justify-content:center;--gap:0px 0px;--row-gap:0px;--column-gap:0px;--padding-top:50px;--padding-bottom:50px;--padding-left:25px;--padding-right:25px;}.elementor-5299 .elementor-element.elementor-element-01e5e60{text-align:center;}.elementor-5299 .elementor-element.elementor-element-01e5e60 .elementor-heading-title{font-size:36px;}.elementor-5299 .elementor-element.elementor-element-2462473{--padding-top:50px;--padding-bottom:50px;--padding-left:25px;--padding-right:25px;}}<\/style>\t\t<div data-elementor-type=\"wp-page\" data-elementor-id=\"5299\" class=\"elementor elementor-5299\" data-elementor-post-type=\"page\">\n\t\t\t\t<div class=\"elementor-element elementor-element-9b90d88 e-flex e-con-boxed e-con e-parent\" data-id=\"9b90d88\" data-element_type=\"container\" data-e-type=\"container\" data-settings=\"{&quot;background_background&quot;:&quot;classic&quot;}\">\n\t\t\t\t\t<div class=\"e-con-inner\">\n\t\t<div class=\"elementor-element elementor-element-9b6224e e-con-full e-flex e-con e-child\" data-id=\"9b6224e\" data-element_type=\"container\" data-e-type=\"container\">\n\t\t\t\t<\/div>\n\t\t\t\t\t<\/div>\n\t\t\t\t<\/div>\n\t\t<div class=\"elementor-element elementor-element-2462473 e-flex e-con-boxed e-con e-parent\" data-id=\"2462473\" data-element_type=\"container\" data-e-type=\"container\" data-settings=\"{&quot;background_background&quot;:&quot;classic&quot;}\">\n\t\t\t\t\t<div class=\"e-con-inner\">\n\t\t\t\t<div class=\"elementor-element elementor-element-4dca598 elementor-widget elementor-widget-jkit_post_block\" data-id=\"4dca598\" data-element_type=\"widget\" data-e-type=\"widget\" data-widget_type=\"jkit_post_block.default\">\n\t\t\t\t<div class=\"elementor-widget-container\">\n\t\t\t\t\t<div  class=\"jeg-elementor-kit jkit-postblock postblock-type-2 jkit-pagination-disable post-element jeg_module___69f3216879a76\"  data-id=\"jeg_module___69f3216879a76\" data-settings=\"{&quot;post_type&quot;:&quot;post&quot;,&quot;number_post&quot;:{&quot;unit&quot;:&quot;px&quot;,&quot;size&quot;:3,&quot;sizes&quot;:[]},&quot;post_offset&quot;:0,&quot;unique_content&quot;:&quot;disable&quot;,&quot;include_post&quot;:&quot;&quot;,&quot;exclude_post&quot;:&quot;&quot;,&quot;include_category&quot;:&quot;&quot;,&quot;exclude_category&quot;:&quot;&quot;,&quot;include_author&quot;:&quot;&quot;,&quot;include_tag&quot;:&quot;&quot;,&quot;exclude_tag&quot;:&quot;&quot;,&quot;mepr-product-category&quot;:&quot;&quot;,&quot;product_brand&quot;:&quot;&quot;,&quot;product_cat&quot;:&quot;&quot;,&quot;product_tag&quot;:&quot;&quot;,&quot;sort_by&quot;:&quot;latest&quot;,&quot;pagination_mode&quot;:&quot;disable&quot;,&quot;pagination_loadmore_text&quot;:&quot;Load More&quot;,&quot;pagination_loading_text&quot;:&quot;Loading...&quot;,&quot;pagination_number_post&quot;:{&quot;unit&quot;:&quot;px&quot;,&quot;size&quot;:3,&quot;sizes&quot;:[]},&quot;pagination_scroll_limit&quot;:0,&quot;pagination_icon&quot;:{&quot;value&quot;:&quot;&quot;,&quot;library&quot;:&quot;&quot;},&quot;pagination_icon_position&quot;:&quot;before&quot;,&quot;st_category_position&quot;:&quot;center&quot;,&quot;sg_content_postblock_type&quot;:&quot;type-2&quot;,&quot;sg_content_element_order&quot;:&quot;title,meta,excerpt,read&quot;,&quot;sg_content_breakpoint&quot;:&quot;tablet&quot;,&quot;sg_content_title_html_tag&quot;:&quot;h3&quot;,&quot;sg_content_category_enable&quot;:&quot;yes&quot;,&quot;sg_content_excerpt_enable&quot;:&quot;yes&quot;,&quot;sg_content_excerpt_length&quot;:{&quot;unit&quot;:&quot;px&quot;,&quot;size&quot;:20,&quot;sizes&quot;:[]},&quot;sg_content_excerpt_more&quot;:&quot;...&quot;,&quot;sg_content_readmore_enable&quot;:&quot;yes&quot;,&quot;sg_content_readmore_icon&quot;:{&quot;value&quot;:&quot;&quot;,&quot;library&quot;:&quot;&quot;},&quot;sg_content_readmore_icon_position&quot;:&quot;after&quot;,&quot;sg_content_readmore_text&quot;:&quot;Mais detalhes&quot;,&quot;sg_content_comment_enable&quot;:&quot;&quot;,&quot;sg_content_comment_icon&quot;:{&quot;value&quot;:&quot;fas fa-comment&quot;,&quot;library&quot;:&quot;fa-solid&quot;},&quot;sg_content_comment_icon_position&quot;:&quot;before&quot;,&quot;sg_content_meta_enable&quot;:&quot;yes&quot;,&quot;sg_content_meta_author_enable&quot;:&quot;&quot;,&quot;sg_content_meta_author_by_text&quot;:&quot;by&quot;,&quot;sg_content_meta_author_icon&quot;:{&quot;value&quot;:&quot;fas fa-user&quot;,&quot;library&quot;:&quot;fa-solid&quot;},&quot;sg_content_meta_author_icon_position&quot;:&quot;before&quot;,&quot;sg_content_meta_date_enable&quot;:&quot;yes&quot;,&quot;sg_content_meta_date_type&quot;:&quot;published&quot;,&quot;sg_content_meta_date_format&quot;:&quot;default&quot;,&quot;sg_content_meta_date_format_custom&quot;:&quot;F j, Y&quot;,&quot;sg_content_meta_date_icon&quot;:{&quot;value&quot;:&quot;fas fa-clock&quot;,&quot;library&quot;:&quot;fa-solid&quot;},&quot;sg_content_meta_date_icon_position&quot;:&quot;before&quot;,&quot;sg_content_image_size_imagesize_size&quot;:&quot;thumbnail&quot;,&quot;paged&quot;:1,&quot;class&quot;:&quot;jkit_post_block&quot;}\"><div class=\"jkit-block-container\"><div class=\"jkit-posts jkit-ajax-flag\">\n            <article class=\"jkit-post post-8495 post type-post status-publish format-standard has-post-thumbnail hentry category-ahws24 category-video\">\n                    <div class=\"jkit-thumb\"><a aria-label=\"Pedro Pita Barros Lecture \u2013 Atlantic Health Wellness Summit 2024\" href=\"https:\/\/atlantichealthwellnesssummit.com\/eng\/palestra-pedro-pita-barros-atlantic-health-wellness-summit-2024\/\"><div class=\"thumbnail-container\">\n            <img loading=\"lazy\" decoding=\"async\" width=\"150\" height=\"150\" src=\"https:\/\/atlantichealthwellnesssummit.com\/wp-content\/uploads\/2025\/12\/maxresdefault-12-150x150.jpg\" class=\"attachment-thumbnail size-thumbnail wp-post-image\" alt=\"\" srcset=\"https:\/\/atlantichealthwellnesssummit.com\/wp-content\/uploads\/2025\/12\/maxresdefault-12-150x150.jpg 150w, https:\/\/atlantichealthwellnesssummit.com\/wp-content\/uploads\/2025\/12\/maxresdefault-12-300x300.jpg 300w, https:\/\/atlantichealthwellnesssummit.com\/wp-content\/uploads\/2025\/12\/maxresdefault-12-100x100.jpg 100w\" sizes=\"auto, (max-width: 150px) 100vw, 150px\" \/>\n        <\/div><\/a><\/div>\n                    <div class=\"jkit-postblock-content\"><div class=\"jkit-post-category\"><span><a href=\"https:\/\/atlantichealthwellnesssummit.com\/eng\/categoria\/ahws24\/\" class=\"category-ahws24\">AHWS24<\/a><\/span><\/div><h3 class=\"jkit-post-title\">\n\t\t\t\t\t\t\t<a href=\"https:\/\/atlantichealthwellnesssummit.com\/eng\/palestra-pedro-pita-barros-atlantic-health-wellness-summit-2024\/\">Pedro Pita Barros Lecture \u2013 Atlantic Health Wellness Summit 2024<\/a>\n\t\t\t\t\t\t<\/h3><div class=\"jkit-post-meta\"><div class=\"jkit-meta-date icon-position-before\"><svg aria-hidden=\"true\" class=\"e-font-icon-svg e-fas-clock\" viewbox=\"0 0 512 512\" xmlns=\"http:\/\/www.w3.org\/2000\/svg\"><path d=\"M256,8C119,8,8,119,8,256S119,504,256,504,504,393,504,256,393,8,256,8Zm92.49,313h0l-20,25a16,16,0,0,1-22.49,2.5h0l-67-49.72a40,40,0,0,1-15-31.23V112a16,16,0,0,1,16-16h32a16,16,0,0,1,16,16V256l58,42.5A16,16,0,0,1,348.49,321Z\"><\/path><\/svg>December 10, 2025<\/div><\/div><div class=\"jkit-post-excerpt\"><p>Pedro Pita Barros discusses Macrotrends and Providers in the Healthcare Ecosystem. Atlantic Health Wellness Summit 2025 - 10...<\/p><\/div><div class=\"jkit-post-meta-bottom\">\n\t\t\t\t\t\t\t<div class=\"jkit-meta-readmore icon-position-after\">\n                <a title=\"Pedro Pita Barros Lecture \u2013 Atlantic Health Wellness Summit 2024\" href=\"https:\/\/atlantichealthwellnesssummit.com\/eng\/palestra-pedro-pita-barros-atlantic-health-wellness-summit-2024\/\" class=\"jkit-readmore\">More details<\/a>\n            <\/div>\n\t\t\t\t\t\t<\/div><\/div>\n                <\/article><article class=\"jkit-post post-8493 post type-post status-publish format-standard has-post-thumbnail hentry category-ahws24 category-video\">\n                    <div class=\"jkit-thumb\"><a aria-label=\"Alessandro Portolan Lecture \u2013 Atlantic Health Wellness Summit 2024\" href=\"https:\/\/atlantichealthwellnesssummit.com\/eng\/palestra-alessandro-portolan-atlantic-health-wellness-summit-2024\/\"><div class=\"thumbnail-container\">\n            <img loading=\"lazy\" decoding=\"async\" width=\"150\" height=\"150\" src=\"https:\/\/atlantichealthwellnesssummit.com\/wp-content\/uploads\/2025\/12\/maxresdefault-10-150x150.jpg\" class=\"attachment-thumbnail size-thumbnail wp-post-image\" alt=\"\" srcset=\"https:\/\/atlantichealthwellnesssummit.com\/wp-content\/uploads\/2025\/12\/maxresdefault-10-150x150.jpg 150w, https:\/\/atlantichealthwellnesssummit.com\/wp-content\/uploads\/2025\/12\/maxresdefault-10-300x300.jpg 300w, https:\/\/atlantichealthwellnesssummit.com\/wp-content\/uploads\/2025\/12\/maxresdefault-10-100x100.jpg 100w\" sizes=\"auto, (max-width: 150px) 100vw, 150px\" \/>\n        <\/div><\/a><\/div>\n                    <div class=\"jkit-postblock-content\"><div class=\"jkit-post-category\"><span><a href=\"https:\/\/atlantichealthwellnesssummit.com\/eng\/categoria\/ahws24\/\" class=\"category-ahws24\">AHWS24<\/a><\/span><\/div><h3 class=\"jkit-post-title\">\n\t\t\t\t\t\t\t<a href=\"https:\/\/atlantichealthwellnesssummit.com\/eng\/palestra-alessandro-portolan-atlantic-health-wellness-summit-2024\/\">Alessandro Portolan Lecture \u2013 Atlantic Health Wellness Summit 2024<\/a>\n\t\t\t\t\t\t<\/h3><div class=\"jkit-post-meta\"><div class=\"jkit-meta-date icon-position-before\"><svg aria-hidden=\"true\" class=\"e-font-icon-svg e-fas-clock\" viewbox=\"0 0 512 512\" xmlns=\"http:\/\/www.w3.org\/2000\/svg\"><path d=\"M256,8C119,8,8,119,8,256S119,504,256,504,504,393,504,256,393,8,256,8Zm92.49,313h0l-20,25a16,16,0,0,1-22.49,2.5h0l-67-49.72a40,40,0,0,1-15-31.23V112a16,16,0,0,1,16-16h32a16,16,0,0,1,16,16V256l58,42.5A16,16,0,0,1,348.49,321Z\"><\/path><\/svg>December 10, 2025<\/div><\/div><div class=\"jkit-post-excerpt\"><p>Alessandro Portolan talks about The Pharmacy as a Longevity Hub. Atlantic Health Wellness Summit 2025 - 10th and 11th...<\/p><\/div><div class=\"jkit-post-meta-bottom\">\n\t\t\t\t\t\t\t<div class=\"jkit-meta-readmore icon-position-after\">\n                <a title=\"Alessandro Portolan Lecture \u2013 Atlantic Health Wellness Summit 2024\" href=\"https:\/\/atlantichealthwellnesssummit.com\/eng\/palestra-alessandro-portolan-atlantic-health-wellness-summit-2024\/\" class=\"jkit-readmore\">More details<\/a>\n            <\/div>\n\t\t\t\t\t\t<\/div><\/div>\n                <\/article><article class=\"jkit-post post-8496 post type-post status-publish format-standard has-post-thumbnail hentry category-ahws24 category-video\">\n                    <div class=\"jkit-thumb\"><a aria-label=\"Joanna Bensz Lecture \u2013 Atlantic Health Wellness Summit 2024\" href=\"https:\/\/atlantichealthwellnesssummit.com\/eng\/palestra-joanna-bensz-atlantic-health-wellness-summit-2024\/\"><div class=\"thumbnail-container\">\n            <img loading=\"lazy\" decoding=\"async\" width=\"150\" height=\"150\" src=\"https:\/\/atlantichealthwellnesssummit.com\/wp-content\/uploads\/2025\/12\/maxresdefault-13-150x150.jpg\" class=\"attachment-thumbnail size-thumbnail wp-post-image\" alt=\"\" srcset=\"https:\/\/atlantichealthwellnesssummit.com\/wp-content\/uploads\/2025\/12\/maxresdefault-13-150x150.jpg 150w, https:\/\/atlantichealthwellnesssummit.com\/wp-content\/uploads\/2025\/12\/maxresdefault-13-300x300.jpg 300w, https:\/\/atlantichealthwellnesssummit.com\/wp-content\/uploads\/2025\/12\/maxresdefault-13-100x100.jpg 100w\" sizes=\"auto, (max-width: 150px) 100vw, 150px\" \/>\n        <\/div><\/a><\/div>\n                    <div class=\"jkit-postblock-content\"><div class=\"jkit-post-category\"><span><a href=\"https:\/\/atlantichealthwellnesssummit.com\/eng\/categoria\/ahws24\/\" class=\"category-ahws24\">AHWS24<\/a><\/span><\/div><h3 class=\"jkit-post-title\">\n\t\t\t\t\t\t\t<a href=\"https:\/\/atlantichealthwellnesssummit.com\/eng\/palestra-joanna-bensz-atlantic-health-wellness-summit-2024\/\">Joanna Bensz Lecture \u2013 Atlantic Health Wellness Summit 2024<\/a>\n\t\t\t\t\t\t<\/h3><div class=\"jkit-post-meta\"><div class=\"jkit-meta-date icon-position-before\"><svg aria-hidden=\"true\" class=\"e-font-icon-svg e-fas-clock\" viewbox=\"0 0 512 512\" xmlns=\"http:\/\/www.w3.org\/2000\/svg\"><path d=\"M256,8C119,8,8,119,8,256S119,504,256,504,504,393,504,256,393,8,256,8Zm92.49,313h0l-20,25a16,16,0,0,1-22.49,2.5h0l-67-49.72a40,40,0,0,1-15-31.23V112a16,16,0,0,1,16-16h32a16,16,0,0,1,16,16V256l58,42.5A16,16,0,0,1,348.49,321Z\"><\/path><\/svg>December 10, 2025<\/div><\/div><div class=\"jkit-post-excerpt\"><p>Joanna Bensz talks about How to Grow Younger with Age. Atlantic Health Wellness Summit 2025 - 10th and 11th...<\/p><\/div><div class=\"jkit-post-meta-bottom\">\n\t\t\t\t\t\t\t<div class=\"jkit-meta-readmore icon-position-after\">\n                <a title=\"Joanna Bensz Lecture \u2013 Atlantic Health Wellness Summit 2024\" href=\"https:\/\/atlantichealthwellnesssummit.com\/eng\/palestra-joanna-bensz-atlantic-health-wellness-summit-2024\/\" class=\"jkit-readmore\">More details<\/a>\n            <\/div>\n\t\t\t\t\t\t<\/div><\/div>\n                <\/article>\n        <\/div><\/div><\/div>\t\t\t\t<\/div>\n\t\t\t\t<\/div>\n\t\t\t\t\t<\/div>\n\t\t\t\t<\/div>\n\t\t\t\t<\/div>","protected":false},"excerpt":{"rendered":"<p>edit post Saude Sa\u00fade em Transforma\u00e7\u00e3o: As Principais Tend\u00eancias que Est\u00e3o Redefinindo o Cuidado com o Corpo e a Mente Agosto 6, 2025 Introdu\u00e7\u00e3o A sa\u00fade, enquanto conceito, deixou de ser apenas a aus\u00eancia de doen\u00e7as. Hoje, ela se tornou um ecossistema integrado&#8230; Mais detalhes edit post Saude Sa\u00fade em Transforma\u00e7\u00e3o: As Principais Tend\u00eancias que [&hellip;]<\/p>\n","protected":false},"author":58,"featured_media":0,"parent":0,"menu_order":0,"comment_status":"closed","ping_status":"closed","template":"elementor_header_footer","meta":{"footnotes":""},"class_list":["post-5299","page","type-page","status-publish","hentry"],"aioseo_notices":[],"_links":{"self":[{"href":"https:\/\/atlantichealthwellnesssummit.com\/eng\/wp-json\/wp\/v2\/pages\/5299","targetHints":{"allow":["GET"]}}],"collection":[{"href":"https:\/\/atlantichealthwellnesssummit.com\/eng\/wp-json\/wp\/v2\/pages"}],"about":[{"href":"https:\/\/atlantichealthwellnesssummit.com\/eng\/wp-json\/wp\/v2\/types\/page"}],"author":[{"embeddable":true,"href":"https:\/\/atlantichealthwellnesssummit.com\/eng\/wp-json\/wp\/v2\/users\/58"}],"replies":[{"embeddable":true,"href":"https:\/\/atlantichealthwellnesssummit.com\/eng\/wp-json\/wp\/v2\/comments?post=5299"}],"version-history":[{"count":0,"href":"https:\/\/atlantichealthwellnesssummit.com\/eng\/wp-json\/wp\/v2\/pages\/5299\/revisions"}],"wp:attachment":[{"href":"https:\/\/atlantichealthwellnesssummit.com\/eng\/wp-json\/wp\/v2\/media?parent=5299"}],"curies":[{"name":"wp","href":"https:\/\/api.w.org\/{rel}","templated":true}]}}